{"id":20,"date":"2016-08-05T10:37:20","date_gmt":"2016-08-05T10:37:20","guid":{"rendered":"http:\/\/demo.accesspressthemes.com\/parallaxsome\/?page_id=20"},"modified":"2021-06-30T12:38:57","modified_gmt":"2021-06-30T10:38:57","slug":"about-us","status":"publish","type":"page","link":"https:\/\/oneprotecteam.fr\/?page_id=20","title":{"rendered":"Qui sommes-nous"},"content":{"rendered":"<p>La premi\u00e8re agence Oneprotecteam a \u00e9t\u00e9 cr\u00e9\u00e9e en avril 2014 par Monsieur Ndiaye Momar.<\/p>\n<p>Reconnus par son personnel, ses clients et les entreprises partenaires sur toute la r\u00e9gion Rh\u00f4ne-Alpes.<\/p>\n<p>L\u2019entreprise compte \u00e0 ce jour 40 salari\u00e9s \u00e0 son actif et une deuxi\u00e8me agence a \u00e9t\u00e9 ouverte dans le Pays de Gex afin de prendre en charge les besoins de s\u00e9curit\u00e9 priv\u00e9e dans ce secteur.<\/p>\n<p><img loading=\"lazy\" class=\"alignnone  wp-image-451\" src=\"https:\/\/oneprotecteam.fr\/wp-content\/uploads\/2016\/08\/IMG_4019-300x188.jpg\" alt=\"\" width=\"353\" height=\"221\" srcset=\"https:\/\/oneprotecteam.fr\/wp-content\/uploads\/2016\/08\/IMG_4019-300x188.jpg 300w, https:\/\/oneprotecteam.fr\/wp-content\/uploads\/2016\/08\/IMG_4019-768x481.jpg 768w, https:\/\/oneprotecteam.fr\/wp-content\/uploads\/2016\/08\/IMG_4019-144x90.jpg 144w, https:\/\/oneprotecteam.fr\/wp-content\/uploads\/2016\/08\/IMG_4019.jpg 960w\" sizes=\"(max-width: 353px) 100vw, 353px\" \/><\/p>\n","protected":false},"excerpt":{"rendered":"<p>La premi\u00e8re agence Oneprotecteam a \u00e9t\u00e9 cr\u00e9\u00e9e en avril 2014 par Monsieur Ndiaye Momar. Reconnus par son personnel, ses clients et les entreprises partenaires sur toute la r\u00e9gion Rh\u00f4ne-Alpes. L\u2019entreprise compte \u00e0 ce jour 40 salari\u00e9s \u00e0 son actif et une deuxi\u00e8me agence a \u00e9t\u00e9 ouverte dans le Pays de Gex afin de prendre en&#8230;<\/p>\n","protected":false},"author":1,"featured_media":0,"parent":0,"menu_order":0,"comment_status":"closed","ping_status":"closed","template":"","meta":[],"amp_enabled":true,"_links":{"self":[{"href":"https:\/\/oneprotecteam.fr\/index.php?rest_route=\/wp\/v2\/pages\/20"}],"collection":[{"href":"https:\/\/oneprotecteam.fr\/index.php?rest_route=\/wp\/v2\/pages"}],"about":[{"href":"https:\/\/oneprotecteam.fr\/index.php?rest_route=\/wp\/v2\/types\/page"}],"author":[{"embeddable":true,"href":"https:\/\/oneprotecteam.fr\/index.php?rest_route=\/wp\/v2\/users\/1"}],"replies":[{"embeddable":true,"href":"https:\/\/oneprotecteam.fr\/index.php?rest_route=%2Fwp%2Fv2%2Fcomments&post=20"}],"version-history":[{"count":17,"href":"https:\/\/oneprotecteam.fr\/index.php?rest_route=\/wp\/v2\/pages\/20\/revisions"}],"predecessor-version":[{"id":951,"href":"https:\/\/oneprotecteam.fr\/index.php?rest_route=\/wp\/v2\/pages\/20\/revisions\/951"}],"wp:attachment":[{"href":"https:\/\/oneprotecteam.fr\/index.php?rest_route=%2Fwp%2Fv2%2Fmedia&parent=20"}],"curies":[{"name":"wp","href":"https:\/\/api.w.org\/{rel}","templated":true}]}}