{"id":607,"date":"2021-06-14T16:17:11","date_gmt":"2021-06-14T14:17:11","guid":{"rendered":"https:\/\/oneprotecteam.fr\/?page_id=607"},"modified":"2021-07-02T11:11:18","modified_gmt":"2021-07-02T09:11:18","slug":"procedure-dappel","status":"publish","type":"page","link":"https:\/\/oneprotecteam.fr\/?page_id=607","title":{"rendered":"Proc\u00e9dure d&#8217;appel"},"content":{"rendered":"\n<p style=\"font-size:33px;text-align:center\"><strong>Proc\u00e9dure d&#8217;appel \u00e0 effectuer dans l&#8217;ordre<\/strong><\/p>\n\n\n\n<!-- IMAGE AVEC LES NUMERO EN NOIR -->\n\n<!-- HTML Code -->\n<!-- <div class=\"wp-block-image\"><figure class=\"aligncenter\"><img src=\"https:\/\/oneprotecteam.fr\/wp-content\/uploads\/2021\/06\/image-4.png\" alt=\"\" class=\"wp-image-885\" usemap=\"#liens_contact\"\/><\/figure><\/div> \n\n<map name=\"liens_contact\" alt=\"\">\n\n  <area name=\"mail_intervention\" shape=\"rect\" coords=\"113,523,511,552\" href=\"mailto:intervention@oneprotecteam.fr\" alt=\"Lien vers l'adresse mail intervention@oneprotecteam.fr\"> \n\n  <area name=\"mail_direction\" shape=\"rect\" coords=\"90,725,260,735\" href=\"mailto:direction@oneprotecteam.fr\" alt=\"Lien vers l'adresse mail direction@oneprotecteam.fr\"> \n\n  <area name=\"mail_intervention2\" shape=\"rect\" coords=\"393,725,570,737\" href=\"mailto:intervention@oneprotecteam.fr\" alt=\"Lien vers l'adresse mail intervention@oneprotecteam.fr\">  \n\n  <area name=\"site_oneprotecteam\" shape=\"rect\" coords=\"90,750,310,770\" href=\"https:\/\/oneprotecteam.fr\/\" alt=\"Lien vers la page oneprotecteam.fr\">\n\n  <area name=\"telephone_un\" shape=\"rect\" coords=\"330,333,525,355\" href=\"tel:0658580268\" alt=\"Lien vers le premier telephone\">\n\n  <area name=\"telephone_deux\" shape=\"rect\" coords=\"330,385,525,406\" href=\"tel:0668202830\" alt=\"Lien vers le deuxieme telephone\">\n\n  <area name=\"telephone_trois\" shape=\"rect\" coords=\"330,435,525,456\" href=\"tel:0668420052\" alt=\"Lien vers le troisieme telephone\">\n\n  <area name=\"telephone_NDIAYE\" shape=\"rect\" coords=\"152,697,258,710\" href=\"tel:0650898659\" alt=\"Lien vers le telephone de Monsieur NDIAYE\">\n\n  <area name=\"telephone_astreinte\" shape=\"rect\" coords=\"455,697,561,710\" href=\"tel:0658580268\" alt=\"Lien vers le telephone astreinte\">\n\n  <area name=\"telephone_fixe\" shape=\"rect\" coords=\"374,750,528,766\" href=\"tel:(+33)986187772\" alt=\"Lien vers le telephone fixe\">\n\n<\/map> -->\n<!-- left,top,right,bottom -->\n<!-- End HTML Code -->\n\n\n\n<!-- IMAGE AVEC LES NUMERO EN BLEU -->\n\n<!-- HTML Code -->\n\n<div class=\"wp-block-image\"><figure class=\"aligncenter\"><img loading=\"lazy\" width=\"620\" height=\"819\" src=\"https:\/\/oneprotecteam.fr\/wp-content\/uploads\/2021\/06\/procedure_dappel_v2.jpg\" alt=\"\" class=\"wp-image-885\" usemap=\"#liens_contact\" srcset=\"https:\/\/oneprotecteam.fr\/wp-content\/uploads\/2021\/06\/procedure_dappel_v2.jpg 620w, https:\/\/oneprotecteam.fr\/wp-content\/uploads\/2021\/06\/procedure_dappel_v2-227x300.jpg 227w, https:\/\/oneprotecteam.fr\/wp-content\/uploads\/2021\/06\/procedure_dappel_v2-68x90.jpg 68w\" sizes=\"(max-width: 620px) 100vw, 620px\" \/><\/figure><\/div>\n\n<map name=\"liens_contact\" alt=\"\">\n\n  <area name=\"mail_intervention\" shape=\"rect\" coords=\"113,533,511,559\" href=\"mailto:intervention@oneprotecteam.fr\" alt=\"Lien vers l'adresse mail intervention@oneprotecteam.fr\"> \n\n  <area name=\"mail_direction\" shape=\"rect\" coords=\"90,731,260,744\" href=\"mailto:direction@oneprotecteam.fr\" alt=\"Lien vers l'adresse mail direction@oneprotecteam.fr\"> \n\n  <area name=\"mail_intervention2\" shape=\"rect\" coords=\"393,732,570,742\" href=\"mailto:intervention@oneprotecteam.fr\" alt=\"Lien vers l'adresse mail intervention@oneprotecteam.fr\">  \n\n  <area name=\"site_oneprotecteam\" shape=\"rect\" coords=\"90,758,310,778\" href=\"https:\/\/oneprotecteam.fr\/\" alt=\"Lien vers la page oneprotecteam.fr\">\n\n  <area name=\"telephone_un\" shape=\"rect\" coords=\"330,342,525,368\" href=\"tel:0658580268\" alt=\"Lien vers le premier telephone\">\n\n  <area name=\"telephone_deux\" shape=\"rect\" coords=\"330,394,525,419\" href=\"tel:0668202830\" alt=\"Lien vers le deuxieme telephone\">\n\n  <area name=\"telephone_trois\" shape=\"rect\" coords=\"330,444,525,469\" href=\"tel:0668420052\" alt=\"Lien vers le troisieme telephone\">\n\n  <area name=\"telephone_NDIAYE\" shape=\"rect\" coords=\"152,706,258,720\" href=\"tel:0650898659\" alt=\"Lien vers le telephone de Monsieur NDIAYE\">\n\n  <area name=\"telephone_astreinte\" shape=\"rect\" coords=\"455,706,561,721\" href=\"tel:0658580268\" alt=\"Lien vers le telephone astreinte\">\n\n  <area name=\"telephone_fixe\" shape=\"rect\" coords=\"374,759,528,777\" href=\"tel:(+33)986187772\" alt=\"Lien vers le telephone fixe\">\n\n<\/map>\n\n<!-- left,top,right,bottom -->\n<!-- End HTML Code -->\n\n\n\n<p>Art L 612 -14 Du C.S.I &#8221; L&#8217;autorisation d&#8217;exercice ne conf\u00e8re aucune pr\u00e9rogative de puissance publique \u00e0 l&#8217;entreprise ou aux personnes qui en b\u00e9n\u00e9ficient.<\/p>\n","protected":false},"excerpt":{"rendered":"<p>Proc\u00e9dure d&#8217;appel \u00e0 effectuer dans l&#8217;ordre Art L 612 -14 Du C.S.I &#8221; L&#8217;autorisation d&#8217;exercice ne conf\u00e8re aucune pr\u00e9rogative de puissance publique \u00e0 l&#8217;entreprise ou aux personnes qui en b\u00e9n\u00e9ficient.<\/p>\n","protected":false},"author":1,"featured_media":0,"parent":0,"menu_order":0,"comment_status":"closed","ping_status":"closed","template":"","meta":[],"amp_enabled":true,"_links":{"self":[{"href":"https:\/\/oneprotecteam.fr\/index.php?rest_route=\/wp\/v2\/pages\/607"}],"collection":[{"href":"https:\/\/oneprotecteam.fr\/index.php?rest_route=\/wp\/v2\/pages"}],"about":[{"href":"https:\/\/oneprotecteam.fr\/index.php?rest_route=\/wp\/v2\/types\/page"}],"author":[{"embeddable":true,"href":"https:\/\/oneprotecteam.fr\/index.php?rest_route=\/wp\/v2\/users\/1"}],"replies":[{"embeddable":true,"href":"https:\/\/oneprotecteam.fr\/index.php?rest_route=%2Fwp%2Fv2%2Fcomments&post=607"}],"version-history":[{"count":52,"href":"https:\/\/oneprotecteam.fr\/index.php?rest_route=\/wp\/v2\/pages\/607\/revisions"}],"predecessor-version":[{"id":1129,"href":"https:\/\/oneprotecteam.fr\/index.php?rest_route=\/wp\/v2\/pages\/607\/revisions\/1129"}],"wp:attachment":[{"href":"https:\/\/oneprotecteam.fr\/index.php?rest_route=%2Fwp%2Fv2%2Fmedia&parent=607"}],"curies":[{"name":"wp","href":"https:\/\/api.w.org\/{rel}","templated":true}]}}